{"id":489,"date":"2024-12-04T20:49:45","date_gmt":"2024-12-04T19:49:45","guid":{"rendered":"https:\/\/www.angatchalo.com\/?page_id=489"},"modified":"2025-01-22T16:36:38","modified_gmt":"2025-01-22T15:36:38","slug":"concerts-spectacles","status":"publish","type":"page","link":"https:\/\/www.angatchalo.com\/index.php\/concerts-spectacles\/","title":{"rendered":"Concerts \/ Spectacles"},"content":{"rendered":"\t\t<div data-elementor-type=\"wp-page\" data-elementor-id=\"489\" class=\"elementor elementor-489\">\n\t\t\t\t<div class=\"elementor-element elementor-element-eb3b297 e-con-full e-flex e-con e-parent\" data-id=\"eb3b297\" data-element_type=\"container\" data-settings=\"{&quot;jet_parallax_layout_list&quot;:[{&quot;jet_parallax_layout_image&quot;:{&quot;url&quot;:&quot;&quot;,&quot;id&quot;:&quot;&quot;,&quot;size&quot;:&quot;&quot;},&quot;_id&quot;:&quot;936b6cd&quot;,&quot;jet_parallax_layout_image_tablet&quot;:{&quot;url&quot;:&quot;&quot;,&quot;id&quot;:&quot;&quot;,&quot;size&quot;:&quot;&quot;},&quot;jet_parallax_layout_image_mobile&quot;:{&quot;url&quot;:&quot;&quot;,&quot;id&quot;:&quot;&quot;,&quot;size&quot;:&quot;&quot;},&quot;jet_parallax_layout_speed&quot;:{&quot;unit&quot;:&quot;%&quot;,&quot;size&quot;:&quot;50&quot;,&quot;sizes&quot;:[]},&quot;jet_parallax_layout_bg_x&quot;:&quot;50&quot;,&quot;jet_parallax_layout_bg_y&quot;:&quot;50&quot;,&quot;jet_parallax_layout_type&quot;:&quot;scroll&quot;,&quot;jet_parallax_layout_direction&quot;:null,&quot;jet_parallax_layout_fx_direction&quot;:null,&quot;jet_parallax_layout_z_index&quot;:&quot;&quot;,&quot;jet_parallax_layout_bg_x_tablet&quot;:&quot;&quot;,&quot;jet_parallax_layout_bg_x_mobile&quot;:&quot;&quot;,&quot;jet_parallax_layout_bg_y_tablet&quot;:&quot;&quot;,&quot;jet_parallax_layout_bg_y_mobile&quot;:&quot;&quot;,&quot;jet_parallax_layout_bg_size&quot;:&quot;auto&quot;,&quot;jet_parallax_layout_bg_size_tablet&quot;:&quot;&quot;,&quot;jet_parallax_layout_bg_size_mobile&quot;:&quot;&quot;,&quot;jet_parallax_layout_animation_prop&quot;:&quot;transform&quot;,&quot;jet_parallax_layout_on&quot;:[&quot;desktop&quot;,&quot;tablet&quot;]}],&quot;background_background&quot;:&quot;classic&quot;}\">\n\t\t\t\t<div class=\"elementor-element elementor-element-7af4b9b elementor-widget elementor-widget-image\" data-id=\"7af4b9b\" data-element_type=\"widget\" data-widget_type=\"image.default\">\n\t\t\t\t<div class=\"elementor-widget-container\">\n\t\t\t\t\t\t\t\t\t\t\t\t\t<img fetchpriority=\"high\" decoding=\"async\" width=\"1024\" height=\"131\" src=\"https:\/\/www.angatchalo.com\/wp-content\/uploads\/2024\/12\/Angatchalo-FondVert-1024x131.png\" class=\"attachment-large size-large wp-image-417\" alt=\"\" srcset=\"https:\/\/www.angatchalo.com\/wp-content\/uploads\/2024\/12\/Angatchalo-FondVert-1024x131.png 1024w, https:\/\/www.angatchalo.com\/wp-content\/uploads\/2024\/12\/Angatchalo-FondVert-300x38.png 300w, https:\/\/www.angatchalo.com\/wp-content\/uploads\/2024\/12\/Angatchalo-FondVert-768x98.png 768w, https:\/\/www.angatchalo.com\/wp-content\/uploads\/2024\/12\/Angatchalo-FondVert-1536x197.png 1536w, https:\/\/www.angatchalo.com\/wp-content\/uploads\/2024\/12\/Angatchalo-FondVert-2048x262.png 2048w\" sizes=\"(max-width: 1024px) 100vw, 1024px\" \/>\t\t\t\t\t\t\t\t\t\t\t\t\t<\/div>\n\t\t\t\t<\/div>\n\t\t\t\t<div class=\"elementor-element elementor-element-b01ac3c elementor-widget elementor-widget-jet-animated-text\" data-id=\"b01ac3c\" data-element_type=\"widget\" data-widget_type=\"jet-animated-text.default\">\n\t\t\t\t<div class=\"elementor-widget-container\">\n\t\t\t<div class=\"elementor-jet-animated-text jet-elements\">\n<div class=\"jet-animated-text jet-animated-text--effect-fx1\" data-settings='{\"effect\":\"fx1\",\"delay\":3000}'>\n\t<div class=\"jet-animated-text__before-text\">\n\t<span>Nomad's<\/span>&nbsp;<span>Land<\/span>&nbsp;<\/div>\n\t<div class=\"jet-animated-text__animated-text\">\n<div class=\"jet-animated-text__animated-text-item active visible\" dir=\"ltr\">\n\t<span>M<\/span><span>u<\/span><span>s<\/span><span>i<\/span><span>c<\/span><\/div>\n<\/div>\t<\/div><\/div>\t\t<\/div>\n\t\t\t\t<\/div>\n\t\t\t\t<\/div>\n\t\t<div class=\"elementor-element elementor-element-a41d9de e-flex e-con-boxed e-con e-parent\" data-id=\"a41d9de\" data-element_type=\"container\" data-settings=\"{&quot;jet_parallax_layout_list&quot;:[]}\">\n\t\t\t\t\t<div class=\"e-con-inner\">\n\t\t\t\t<div class=\"elementor-element elementor-element-a2ee5e7 elementor-widget elementor-widget-heading\" data-id=\"a2ee5e7\" data-element_type=\"widget\" data-widget_type=\"heading.default\">\n\t\t\t\t<div class=\"elementor-widget-container\">\n\t\t\t<h2 class=\"elementor-heading-title elementor-size-default\">Concert<\/h2>\t\t<\/div>\n\t\t\t\t<\/div>\n\t\t\t\t<div class=\"elementor-element elementor-element-2608b7d elementor-widget elementor-widget-text-editor\" data-id=\"2608b7d\" data-element_type=\"widget\" data-widget_type=\"text-editor.default\">\n\t\t\t\t<div class=\"elementor-widget-container\">\n\t\t\t\t\t\t\t<p>En <strong>concert<\/strong>, le voyage qu&rsquo;Angatchalo vous propose peut prendre d\u00e9part <strong>dans une multitudes de lieux diff\u00e9rents<\/strong>.<\/p><p><strong>Salles de concert, festivals, m\u00e9diath\u00e8ques, conservatoires de musique&#8230;<\/strong><\/p><p>Mais aussi <strong>h\u00f4pitaux, coll\u00e8ges, maisons de retraites&#8230;<\/strong><\/p><p>Ou <strong>tout simplement chez vous!<\/strong>&#8230; si vous avez un grand salon et des ami-e-s \u00e0 accueillir&#8230;<\/p><p>Nous jouons tr\u00e9s souvent chez l&rsquo;habitant et c&rsquo;est toujours un immense plaisir pour nous d&rsquo;\u00eatre pr\u00eat du public.<\/p><p>N&rsquo;hesitez pas \u00e0 nous contacter pour de plus amples informations&#8230;<\/p>\t\t\t\t\t\t<\/div>\n\t\t\t\t<\/div>\n\t\t\t\t<div class=\"elementor-element elementor-element-a9d5ee4 elementor-widget elementor-widget-heading\" data-id=\"a9d5ee4\" data-element_type=\"widget\" data-widget_type=\"heading.default\">\n\t\t\t\t<div class=\"elementor-widget-container\">\n\t\t\t<h2 class=\"elementor-heading-title elementor-size-default\"><br>     En savoir plus sur nos formules<\/h2>\t\t<\/div>\n\t\t\t\t<\/div>\n\t\t<div class=\"elementor-element elementor-element-508970a e-con-full e-grid e-con e-child\" data-id=\"508970a\" data-element_type=\"container\" data-settings=\"{&quot;jet_parallax_layout_list&quot;:[]}\">\n\t\t\t\t<div class=\"elementor-element elementor-element-ad3c633 elementor-widget elementor-widget-heading\" data-id=\"ad3c633\" data-element_type=\"widget\" data-widget_type=\"heading.default\">\n\t\t\t\t<div class=\"elementor-widget-container\">\n\t\t\t<h2 class=\"elementor-heading-title elementor-size-default\">pr\u00e9sentation<\/h2>\t\t<\/div>\n\t\t\t\t<\/div>\n\t\t\t\t<div class=\"elementor-element elementor-element-9a2392c elementor-widget elementor-widget-heading\" data-id=\"9a2392c\" data-element_type=\"widget\" data-widget_type=\"heading.default\">\n\t\t\t\t<div class=\"elementor-widget-container\">\n\t\t\t<h2 class=\"elementor-heading-title elementor-size-default\">All Inclusive<\/h2>\t\t<\/div>\n\t\t\t\t<\/div>\n\t\t\t\t<div class=\"elementor-element elementor-element-cc9f46c elementor-button-danger elementor-align-center elementor-widget elementor-widget-button\" data-id=\"cc9f46c\" data-element_type=\"widget\" data-widget_type=\"button.default\">\n\t\t\t\t<div class=\"elementor-widget-container\">\n\t\t\t\t\t\t\t<div class=\"elementor-button-wrapper\">\n\t\t\t\t\t<a class=\"elementor-button elementor-button-link elementor-size-sm\" href=\"https:\/\/www.angatchalo.com\/wp-content\/uploads\/2024\/12\/Angatchalo-presentation.pdf\">\n\t\t\t\t\t\t<span class=\"elementor-button-content-wrapper\">\n\t\t\t\t\t\t\t\t\t<span class=\"elementor-button-text\">T\u00e9l\u00e9charger<\/span>\n\t\t\t\t\t<\/span>\n\t\t\t\t\t<\/a>\n\t\t\t\t<\/div>\n\t\t\t\t\t\t<\/div>\n\t\t\t\t<\/div>\n\t\t\t\t<div class=\"elementor-element elementor-element-6bf61e3 elementor-button-danger elementor-align-center elementor-widget elementor-widget-button\" data-id=\"6bf61e3\" data-element_type=\"widget\" data-widget_type=\"button.default\">\n\t\t\t\t<div class=\"elementor-widget-container\">\n\t\t\t\t\t\t\t<div class=\"elementor-button-wrapper\">\n\t\t\t\t\t<a class=\"elementor-button elementor-button-link elementor-size-sm\" href=\"https:\/\/www.angatchalo.com\/wp-content\/uploads\/2024\/12\/Formule-all-inclusive.pdf\">\n\t\t\t\t\t\t<span class=\"elementor-button-content-wrapper\">\n\t\t\t\t\t\t\t\t\t<span class=\"elementor-button-text\">T\u00e9l\u00e9charger<\/span>\n\t\t\t\t\t<\/span>\n\t\t\t\t\t<\/a>\n\t\t\t\t<\/div>\n\t\t\t\t\t\t<\/div>\n\t\t\t\t<\/div>\n\t\t\t\t<\/div>\n\t\t\t\t\t<\/div>\n\t\t\t\t<\/div>\n\t\t\t\t<section class=\"elementor-section elementor-top-section elementor-element elementor-element-5fa9120 elementor-section-boxed elementor-section-height-default elementor-section-height-default\" data-id=\"5fa9120\" data-element_type=\"section\" data-settings=\"{&quot;jet_parallax_layout_list&quot;:[],&quot;background_background&quot;:&quot;classic&quot;}\">\n\t\t\t\t\t\t<div class=\"elementor-container elementor-column-gap-no\">\n\t\t\t\t\t<div class=\"elementor-column elementor-col-50 elementor-top-column elementor-element elementor-element-533fc46\" data-id=\"533fc46\" data-element_type=\"column\">\n\t\t\t<div class=\"elementor-widget-wrap elementor-element-populated\">\n\t\t\t\t\t\t<div class=\"elementor-element elementor-element-81f170d elementor-widget elementor-widget-heading\" data-id=\"81f170d\" data-element_type=\"widget\" data-widget_type=\"heading.default\">\n\t\t\t\t<div class=\"elementor-widget-container\">\n\t\t\t<h2 class=\"elementor-heading-title elementor-size-default\">Le Disque<\/h2>\t\t<\/div>\n\t\t\t\t<\/div>\n\t\t\t\t<div class=\"elementor-element elementor-element-93f8ff1 elementor-widget elementor-widget-image-gallery\" data-id=\"93f8ff1\" data-element_type=\"widget\" data-widget_type=\"image-gallery.default\">\n\t\t\t\t<div class=\"elementor-widget-container\">\n\t\t\t\t\t<div class=\"elementor-image-gallery\">\n\t\t\t<div class=\"row gallery galleryid-489 gallery-columns-1 gallery-size-full\" data-uk-grid-margin=\"\"><figure class=\"gallery-item\"><div class=\"gallery-icon landscape\"><a data-elementor-open-lightbox=\"yes\" data-elementor-lightbox-slideshow=\"93f8ff1\" data-elementor-lightbox-title=\"album Farfindia\" data-e-action-hash=\"#elementor-action%3Aaction%3Dlightbox%26settings%3DeyJpZCI6Nzk3LCJ1cmwiOiJodHRwczpcL1wvd3d3LmFuZ2F0Y2hhbG8uY29tXC93cC1jb250ZW50XC91cGxvYWRzXC8yMDI0XC8xMlwvSU1HXzI5MDEuanBlZyIsInNsaWRlc2hvdyI6IjkzZjhmZjEifQ%3D%3D\" href='https:\/\/www.angatchalo.com\/wp-content\/uploads\/2024\/12\/IMG_2901.jpeg'><img decoding=\"async\" width=\"1942\" height=\"528\" src=\"https:\/\/www.angatchalo.com\/wp-content\/uploads\/2024\/12\/IMG_2901.jpeg\" class=\"attachment-full size-full\" alt=\"\" aria-describedby=\"gallery-489\" srcset=\"https:\/\/www.angatchalo.com\/wp-content\/uploads\/2024\/12\/IMG_2901.jpeg 1942w, https:\/\/www.angatchalo.com\/wp-content\/uploads\/2024\/12\/IMG_2901-300x82.jpeg 300w, https:\/\/www.angatchalo.com\/wp-content\/uploads\/2024\/12\/IMG_2901-1024x278.jpeg 1024w, https:\/\/www.angatchalo.com\/wp-content\/uploads\/2024\/12\/IMG_2901-768x209.jpeg 768w, https:\/\/www.angatchalo.com\/wp-content\/uploads\/2024\/12\/IMG_2901-1536x418.jpeg 1536w\" sizes=\"(max-width: 1942px) 100vw, 1942px\" \/><\/a><\/div><figcaption class=\"wp-caption-text gallery-caption\">album Farfindia\n<\/figcaption><\/figure><\/div>\t\t<\/div>\n\t\t\t\t<\/div>\n\t\t\t\t<\/div>\n\t\t\t\t<div class=\"elementor-element elementor-element-b25422b elementor-widget elementor-widget-heading\" data-id=\"b25422b\" data-element_type=\"widget\" data-widget_type=\"heading.default\">\n\t\t\t\t<div class=\"elementor-widget-container\">\n\t\t\t<h2 class=\"elementor-heading-title elementor-size-default\">Ecoutez le disque sur Band-camp<\/h2>\t\t<\/div>\n\t\t\t\t<\/div>\n\t\t\t\t<div class=\"elementor-element elementor-element-5d01701 elementor-button-danger elementor-widget elementor-widget-button\" data-id=\"5d01701\" data-element_type=\"widget\" data-widget_type=\"button.default\">\n\t\t\t\t<div class=\"elementor-widget-container\">\n\t\t\t\t\t\t\t<div class=\"elementor-button-wrapper\">\n\t\t\t\t\t<a class=\"elementor-button elementor-button-link elementor-size-sm\" href=\"https:\/\/angatchalo.bandcamp.com\" target=\"_blank\">\n\t\t\t\t\t\t<span class=\"elementor-button-content-wrapper\">\n\t\t\t\t\t\t<span class=\"elementor-button-icon\">\n\t\t\t\t<svg aria-hidden=\"true\" class=\"e-font-icon-svg e-fas-headphones-alt\" viewBox=\"0 0 512 512\" xmlns=\"http:\/\/www.w3.org\/2000\/svg\"><path d=\"M160 288h-16c-35.35 0-64 28.7-64 64.12v63.76c0 35.41 28.65 64.12 64 64.12h16c17.67 0 32-14.36 32-32.06V320.06c0-17.71-14.33-32.06-32-32.06zm208 0h-16c-17.67 0-32 14.35-32 32.06v127.88c0 17.7 14.33 32.06 32 32.06h16c35.35 0 64-28.71 64-64.12v-63.76c0-35.41-28.65-64.12-64-64.12zM256 32C112.91 32 4.57 151.13 0 288v112c0 8.84 7.16 16 16 16h16c8.84 0 16-7.16 16-16V288c0-114.67 93.33-207.8 208-207.82 114.67.02 208 93.15 208 207.82v112c0 8.84 7.16 16 16 16h16c8.84 0 16-7.16 16-16V288C507.43 151.13 399.09 32 256 32z\"><\/path><\/svg>\t\t\t<\/span>\n\t\t\t\t\t\t\t\t\t<span class=\"elementor-button-text\">Cliquez pour \u00e9couter<\/span>\n\t\t\t\t\t<\/span>\n\t\t\t\t\t<\/a>\n\t\t\t\t<\/div>\n\t\t\t\t\t\t<\/div>\n\t\t\t\t<\/div>\n\t\t\t\t\t<\/div>\n\t\t<\/div>\n\t\t\t\t<div class=\"elementor-column elementor-col-50 elementor-top-column elementor-element elementor-element-5c07cdd\" data-id=\"5c07cdd\" data-element_type=\"column\">\n\t\t\t<div class=\"elementor-widget-wrap elementor-element-populated\">\n\t\t\t\t\t\t<div class=\"elementor-element elementor-element-ca90b7a elementor-widget elementor-widget-heading\" data-id=\"ca90b7a\" data-element_type=\"widget\" data-widget_type=\"heading.default\">\n\t\t\t\t<div class=\"elementor-widget-container\">\n\t\t\t<h2 class=\"elementor-heading-title elementor-size-default\">Le Livret<\/h2>\t\t<\/div>\n\t\t\t\t<\/div>\n\t\t\t\t<div class=\"elementor-element elementor-element-bcfdaa1 elementor-widget elementor-widget-text-editor\" data-id=\"bcfdaa1\" data-element_type=\"widget\" data-widget_type=\"text-editor.default\">\n\t\t\t\t<div class=\"elementor-widget-container\">\n\t\t\t\t\t\t\t<p>Si vous souhaitez en savoir plus sur les morceaux pr\u00e9sents sur l&rsquo;album, c&rsquo;est ici que \u00e7a se passe&#8230;<\/p>\t\t\t\t\t\t<\/div>\n\t\t\t\t<\/div>\n\t\t\t\t<div class=\"elementor-element elementor-element-b881048 elementor-button-danger elementor-widget elementor-widget-button\" data-id=\"b881048\" data-element_type=\"widget\" data-widget_type=\"button.default\">\n\t\t\t\t<div class=\"elementor-widget-container\">\n\t\t\t\t\t\t\t<div class=\"elementor-button-wrapper\">\n\t\t\t\t\t<a class=\"elementor-button elementor-button-link elementor-size-sm\" href=\"https:\/\/www.angatchalo.com\/wp-content\/uploads\/2024\/12\/Livret-Angatchalo.pdf\" target=\"_blank\">\n\t\t\t\t\t\t<span class=\"elementor-button-content-wrapper\">\n\t\t\t\t\t\t\t\t\t<span class=\"elementor-button-text\">T\u00e9l\u00e9charger<\/span>\n\t\t\t\t\t<\/span>\n\t\t\t\t\t<\/a>\n\t\t\t\t<\/div>\n\t\t\t\t\t\t<\/div>\n\t\t\t\t<\/div>\n\t\t\t\t\t<\/div>\n\t\t<\/div>\n\t\t\t\t\t<\/div>\n\t\t<\/section>\n\t\t<div class=\"elementor-element elementor-element-bbbdb45 e-grid e-con-boxed e-con e-parent\" data-id=\"bbbdb45\" data-element_type=\"container\" data-settings=\"{&quot;jet_parallax_layout_list&quot;:[]}\">\n\t\t\t\t\t<div class=\"e-con-inner\">\n\t\t<div class=\"elementor-element elementor-element-d9c0c8f e-con-full e-flex e-con e-child\" data-id=\"d9c0c8f\" data-element_type=\"container\" data-settings=\"{&quot;jet_parallax_layout_list&quot;:[]}\">\n\t\t\t\t<div class=\"elementor-element elementor-element-5629413 elementor-widget elementor-widget-heading\" data-id=\"5629413\" data-element_type=\"widget\" data-widget_type=\"heading.default\">\n\t\t\t\t<div class=\"elementor-widget-container\">\n\t\t\t<h2 class=\"elementor-heading-title elementor-size-default\">Spectacle<\/h2>\t\t<\/div>\n\t\t\t\t<\/div>\n\t\t\t\t<div class=\"elementor-element elementor-element-51aa4fe elementor-widget elementor-widget-image\" data-id=\"51aa4fe\" data-element_type=\"widget\" data-widget_type=\"image.default\">\n\t\t\t\t<div class=\"elementor-widget-container\">\n\t\t\t\t\t\t\t\t\t\t\t\t\t<img decoding=\"async\" width=\"724\" height=\"1024\" src=\"https:\/\/www.angatchalo.com\/wp-content\/uploads\/2024\/12\/affiche-terre-nomade-FINAL-A4-2024-WEB-724x1024.jpg\" class=\"attachment-large size-large wp-image-609\" alt=\"\" srcset=\"https:\/\/www.angatchalo.com\/wp-content\/uploads\/2024\/12\/affiche-terre-nomade-FINAL-A4-2024-WEB-724x1024.jpg 724w, https:\/\/www.angatchalo.com\/wp-content\/uploads\/2024\/12\/affiche-terre-nomade-FINAL-A4-2024-WEB-212x300.jpg 212w, https:\/\/www.angatchalo.com\/wp-content\/uploads\/2024\/12\/affiche-terre-nomade-FINAL-A4-2024-WEB-768x1087.jpg 768w, https:\/\/www.angatchalo.com\/wp-content\/uploads\/2024\/12\/affiche-terre-nomade-FINAL-A4-2024-WEB-1085x1536.jpg 1085w, https:\/\/www.angatchalo.com\/wp-content\/uploads\/2024\/12\/affiche-terre-nomade-FINAL-A4-2024-WEB.jpg 1190w\" sizes=\"(max-width: 724px) 100vw, 724px\" \/>\t\t\t\t\t\t\t\t\t\t\t\t\t<\/div>\n\t\t\t\t<\/div>\n\t\t\t\t<\/div>\n\t\t<div class=\"elementor-element elementor-element-fe68a90 e-con-full e-flex e-con e-child\" data-id=\"fe68a90\" data-element_type=\"container\" data-settings=\"{&quot;jet_parallax_layout_list&quot;:[]}\">\n\t\t\t\t<div class=\"elementor-element elementor-element-42b4bb4 elementor-widget elementor-widget-text-editor\" data-id=\"42b4bb4\" data-element_type=\"widget\" data-widget_type=\"text-editor.default\">\n\t\t\t\t<div class=\"elementor-widget-container\">\n\t\t\t\t\t\t\t<div><p align=\"center\"><span data-olk-copy-source=\"MessageBody\"><strong> Terre(s) Nomade(s)<\/strong><b> <\/b>: Gaia\u2026la <strong>premi\u00e8re petite fille de l\u2019humanit\u00e9<\/strong> n\u2019a pas envie de faire ce que ses parents lui demandent. Pourtant ils lui confient une <strong>mission de la plus haute importance<\/strong>\u00a0:<\/span><\/p><\/div><p align=\"center\"><strong>Surveiller le feu de l\u2019humanit\u00e9<\/strong> et <strong>touiller la soupe c\u00e9leste<\/strong>\u2026<\/p>\t\t\t\t\t\t<\/div>\n\t\t\t\t<\/div>\n\t\t\t\t<div class=\"elementor-element elementor-element-49ea5f3 elementor-button-danger elementor-align-center elementor-widget elementor-widget-button\" data-id=\"49ea5f3\" data-element_type=\"widget\" data-widget_type=\"button.default\">\n\t\t\t\t<div class=\"elementor-widget-container\">\n\t\t\t\t\t\t\t<div class=\"elementor-button-wrapper\">\n\t\t\t\t\t<a class=\"elementor-button elementor-button-link elementor-size-sm\" href=\"https:\/\/www.angatchalo.com\/wp-content\/uploads\/2024\/12\/Terres-Nomades.pdf\" target=\"_blank\">\n\t\t\t\t\t\t<span class=\"elementor-button-content-wrapper\">\n\t\t\t\t\t\t\t\t\t<span class=\"elementor-button-text\">T\u00e9l\u00e9charger<\/span>\n\t\t\t\t\t<\/span>\n\t\t\t\t\t<\/a>\n\t\t\t\t<\/div>\n\t\t\t\t\t\t<\/div>\n\t\t\t\t<\/div>\n\t\t\t\t<\/div>\n\t\t\t\t<div class=\"elementor-element elementor-element-7433350 elementor-widget elementor-widget-video\" data-id=\"7433350\" data-element_type=\"widget\" data-settings=\"{&quot;youtube_url&quot;:&quot;https:\\\/\\\/www.youtube.com\\\/watch?v=Tmzx_ODHuZA&quot;,&quot;video_type&quot;:&quot;youtube&quot;,&quot;controls&quot;:&quot;yes&quot;}\" data-widget_type=\"video.default\">\n\t\t\t\t<div class=\"elementor-widget-container\">\n\t\t\t\t\t<div class=\"elementor-wrapper elementor-open-inline\">\n\t\t\t<div class=\"elementor-video\"><\/div>\t\t<\/div>\n\t\t\t\t<\/div>\n\t\t\t\t<\/div>\n\t\t\t\t\t<\/div>\n\t\t\t\t<\/div>\n\t\t<div class=\"elementor-element elementor-element-98dff72 e-flex e-con-boxed e-con e-parent\" data-id=\"98dff72\" data-element_type=\"container\" data-settings=\"{&quot;jet_parallax_layout_list&quot;:[]}\">\n\t\t\t\t\t<div class=\"e-con-inner\">\n\t\t\t\t\t<\/div>\n\t\t\t\t<\/div>\n\t\t<div class=\"elementor-element elementor-element-9be0711 e-flex e-con-boxed e-con e-parent\" data-id=\"9be0711\" data-element_type=\"container\" data-settings=\"{&quot;jet_parallax_layout_list&quot;:[]}\">\n\t\t\t\t\t<div class=\"e-con-inner\">\n\t\t\t\t<div class=\"elementor-element elementor-element-d3ccae0 elementor-widget elementor-widget-text-editor\" data-id=\"d3ccae0\" data-element_type=\"widget\" data-widget_type=\"text-editor.default\">\n\t\t\t\t<div class=\"elementor-widget-container\">\n\t\t\t\t\t\t\t<p>Contact: ecrire@angatchalo.com \/ (+0033) 06.74.91.91.55<\/p>\t\t\t\t\t\t<\/div>\n\t\t\t\t<\/div>\n\t\t\t\t\t<\/div>\n\t\t\t\t<\/div>\n\t\t\t\t<\/div>\n\t\t","protected":false},"excerpt":{"rendered":"<p>Nomad&rsquo;s&nbsp;Land&nbsp; Music Concert En concert, le voyage qu&rsquo;Angatchalo vous propose peut prendre d\u00e9part dans une multitudes de lieux diff\u00e9rents. Salles de concert, festivals, m\u00e9diath\u00e8ques, conservatoires de musique&#8230; Mais aussi h\u00f4pitaux, coll\u00e8ges, maisons de retraites&#8230; Ou tout simplement chez vous!&#8230; si vous avez un grand salon et des ami-e-s \u00e0 accueillir&#8230; Nous jouons tr\u00e9s souvent chez [&hellip;]<\/p>\n","protected":false},"author":1,"featured_media":0,"parent":0,"menu_order":0,"comment_status":"closed","ping_status":"closed","template":"full-width.php","meta":{"_acf_changed":false,"footnotes":""},"class_list":["post-489","page","type-page","status-publish","hentry"],"acf":[],"_links":{"self":[{"href":"https:\/\/www.angatchalo.com\/index.php\/wp-json\/wp\/v2\/pages\/489","targetHints":{"allow":["GET"]}}],"collection":[{"href":"https:\/\/www.angatchalo.com\/index.php\/wp-json\/wp\/v2\/pages"}],"about":[{"href":"https:\/\/www.angatchalo.com\/index.php\/wp-json\/wp\/v2\/types\/page"}],"author":[{"embeddable":true,"href":"https:\/\/www.angatchalo.com\/index.php\/wp-json\/wp\/v2\/users\/1"}],"replies":[{"embeddable":true,"href":"https:\/\/www.angatchalo.com\/index.php\/wp-json\/wp\/v2\/comments?post=489"}],"version-history":[{"count":109,"href":"https:\/\/www.angatchalo.com\/index.php\/wp-json\/wp\/v2\/pages\/489\/revisions"}],"predecessor-version":[{"id":991,"href":"https:\/\/www.angatchalo.com\/index.php\/wp-json\/wp\/v2\/pages\/489\/revisions\/991"}],"wp:attachment":[{"href":"https:\/\/www.angatchalo.com\/index.php\/wp-json\/wp\/v2\/media?parent=489"}],"curies":[{"name":"wp","href":"https:\/\/api.w.org\/{rel}","templated":true}]}}