{"id":27,"date":"2019-11-15T19:03:50","date_gmt":"2019-11-15T19:03:50","guid":{"rendered":"https:\/\/jupiterx.artbees.net\/jazz-club\/?page_id=27"},"modified":"2024-12-23T09:49:10","modified_gmt":"2024-12-23T08:49:10","slug":"accueil","status":"publish","type":"page","link":"https:\/\/www.angatchalo.com\/","title":{"rendered":"Accueil"},"content":{"rendered":"\t\t<div data-elementor-type=\"wp-page\" data-elementor-id=\"27\" class=\"elementor elementor-27\">\n\t\t\t\t<div class=\"elementor-element elementor-element-eb3b297 e-con-full e-flex e-con e-parent\" data-id=\"eb3b297\" data-element_type=\"container\" data-settings=\"{&quot;jet_parallax_layout_list&quot;:[{&quot;jet_parallax_layout_image&quot;:{&quot;url&quot;:&quot;&quot;,&quot;id&quot;:&quot;&quot;,&quot;size&quot;:&quot;&quot;},&quot;_id&quot;:&quot;936b6cd&quot;,&quot;jet_parallax_layout_image_tablet&quot;:{&quot;url&quot;:&quot;&quot;,&quot;id&quot;:&quot;&quot;,&quot;size&quot;:&quot;&quot;},&quot;jet_parallax_layout_image_mobile&quot;:{&quot;url&quot;:&quot;&quot;,&quot;id&quot;:&quot;&quot;,&quot;size&quot;:&quot;&quot;},&quot;jet_parallax_layout_speed&quot;:{&quot;unit&quot;:&quot;%&quot;,&quot;size&quot;:&quot;50&quot;,&quot;sizes&quot;:[]},&quot;jet_parallax_layout_bg_x&quot;:&quot;50&quot;,&quot;jet_parallax_layout_bg_y&quot;:&quot;50&quot;,&quot;jet_parallax_layout_type&quot;:&quot;scroll&quot;,&quot;jet_parallax_layout_direction&quot;:null,&quot;jet_parallax_layout_fx_direction&quot;:null,&quot;jet_parallax_layout_z_index&quot;:&quot;&quot;,&quot;jet_parallax_layout_bg_x_tablet&quot;:&quot;&quot;,&quot;jet_parallax_layout_bg_x_mobile&quot;:&quot;&quot;,&quot;jet_parallax_layout_bg_y_tablet&quot;:&quot;&quot;,&quot;jet_parallax_layout_bg_y_mobile&quot;:&quot;&quot;,&quot;jet_parallax_layout_bg_size&quot;:&quot;auto&quot;,&quot;jet_parallax_layout_bg_size_tablet&quot;:&quot;&quot;,&quot;jet_parallax_layout_bg_size_mobile&quot;:&quot;&quot;,&quot;jet_parallax_layout_animation_prop&quot;:&quot;transform&quot;,&quot;jet_parallax_layout_on&quot;:[&quot;desktop&quot;,&quot;tablet&quot;]}],&quot;background_background&quot;:&quot;classic&quot;}\">\n\t\t\t\t<div class=\"elementor-element elementor-element-7af4b9b elementor-widget elementor-widget-image\" data-id=\"7af4b9b\" data-element_type=\"widget\" data-widget_type=\"image.default\">\n\t\t\t\t<div class=\"elementor-widget-container\">\n\t\t\t\t\t\t\t\t\t\t\t\t\t<img fetchpriority=\"high\" decoding=\"async\" width=\"1024\" height=\"131\" src=\"https:\/\/www.angatchalo.com\/wp-content\/uploads\/2024\/12\/Angatchalo-FondVert-1024x131.png\" class=\"attachment-large size-large wp-image-417\" alt=\"\" srcset=\"https:\/\/www.angatchalo.com\/wp-content\/uploads\/2024\/12\/Angatchalo-FondVert-1024x131.png 1024w, https:\/\/www.angatchalo.com\/wp-content\/uploads\/2024\/12\/Angatchalo-FondVert-300x38.png 300w, https:\/\/www.angatchalo.com\/wp-content\/uploads\/2024\/12\/Angatchalo-FondVert-768x98.png 768w, https:\/\/www.angatchalo.com\/wp-content\/uploads\/2024\/12\/Angatchalo-FondVert-1536x197.png 1536w, https:\/\/www.angatchalo.com\/wp-content\/uploads\/2024\/12\/Angatchalo-FondVert-2048x262.png 2048w\" sizes=\"(max-width: 1024px) 100vw, 1024px\" \/>\t\t\t\t\t\t\t\t\t\t\t\t\t<\/div>\n\t\t\t\t<\/div>\n\t\t\t\t<div class=\"elementor-element elementor-element-5c82dd1 elementor-widget elementor-widget-jet-animated-text\" data-id=\"5c82dd1\" data-element_type=\"widget\" data-widget_type=\"jet-animated-text.default\">\n\t\t\t\t<div class=\"elementor-widget-container\">\n\t\t\t<div class=\"elementor-jet-animated-text jet-elements\">\n<div class=\"jet-animated-text jet-animated-text--effect-fx1\" data-settings='{\"effect\":\"fx1\",\"delay\":3000}'>\n\t<div class=\"jet-animated-text__before-text\">\n\t<span>Nomad's<\/span>&nbsp;<span>Land<\/span>&nbsp;<\/div>\n\t<div class=\"jet-animated-text__animated-text\">\n<div class=\"jet-animated-text__animated-text-item active visible\" dir=\"ltr\">\n\t<span>M<\/span><span>u<\/span><span>s<\/span><span>i<\/span><span>c<\/span><\/div>\n<\/div>\t<\/div><\/div>\t\t<\/div>\n\t\t\t\t<\/div>\n\t\t\t\t<\/div>\n\t\t<div class=\"elementor-element elementor-element-a41d9de e-flex e-con-boxed e-con e-parent\" data-id=\"a41d9de\" data-element_type=\"container\" data-settings=\"{&quot;jet_parallax_layout_list&quot;:[]}\">\n\t\t\t\t\t<div class=\"e-con-inner\">\n\t\t\t\t<div class=\"elementor-element elementor-element-2608b7d elementor-widget elementor-widget-text-editor\" data-id=\"2608b7d\" data-element_type=\"widget\" data-widget_type=\"text-editor.default\">\n\t\t\t\t<div class=\"elementor-widget-container\">\n\t\t\t\t\t\t\t<p align=\"center\"><b>Angatchalo<\/b> est un collectif d&rsquo;artistes tourn\u00e9 vers les <strong>musiques du monde<\/strong> et leurs m\u00e9tissages.<\/p><p align=\"center\">Avec un plaisir gourmand et affin\u00e9 pour les <strong>\u00e9pices afro-indiennes<\/strong>&#8230;<\/p><p align=\"center\">Angatchalo\u00a0vous propose <strong>une croisi\u00e8re musicale<\/strong> sur les eaux m\u00e9lang\u00e9es du Gange et du Niger, une assiette de maf\u00e9 dans une main et un verre de tcha\u00ef dans l&rsquo;autre.<\/p><p align=\"center\">Face \u00e0 l\u2019\u00e9tonnant mariage de cordes du <strong>kamal\u00e9 n\u2019goni<\/strong> d\u2019Afrique de l\u2019Ouest et du <strong>sitar<\/strong> indien, <strong>fl\u00fbtes et chants<\/strong> soufflent un trait d\u2019union&#8230; qui nous permet de vous conter, en musique, la possibilit\u00e9 d\u2019<strong>un autre monde de rencontres et d\u2019harmonie<\/strong>&#8230;<\/p><p align=\"center\">Avec les 3S: <strong>Dhamien Schmutz<\/strong> (kamal\u00e9 n&rsquo;goni-voix), <strong>Alex Schnee<\/strong> (sitar) et <strong>Sol\u00e8ne Sirvente<\/strong> (fl\u00fbtes-voix).<\/p><p align=\"center\"><span style=\"text-decoration: underline;\">invit\u00e9 estival et g\u00e9nial<\/span>: <strong>Emmanuel Simon<\/strong> (percussions).<\/p><p align=\"center\">\u00a0<\/p>\t\t\t\t\t\t<\/div>\n\t\t\t\t<\/div>\n\t\t\t\t\t<\/div>\n\t\t\t\t<\/div>\n\t\t\t\t<section class=\"elementor-section elementor-top-section elementor-element elementor-element-5fa9120 elementor-section-boxed elementor-section-height-default elementor-section-height-default\" data-id=\"5fa9120\" data-element_type=\"section\" data-settings=\"{&quot;jet_parallax_layout_list&quot;:[],&quot;background_background&quot;:&quot;classic&quot;}\">\n\t\t\t\t\t\t<div class=\"elementor-container elementor-column-gap-no\">\n\t\t\t\t\t<div class=\"elementor-column elementor-col-50 elementor-top-column elementor-element elementor-element-533fc46\" data-id=\"533fc46\" data-element_type=\"column\" data-settings=\"{&quot;background_background&quot;:&quot;classic&quot;}\">\n\t\t\t<div class=\"elementor-widget-wrap elementor-element-populated\">\n\t\t\t\t\t\t<div class=\"elementor-element elementor-element-26777cd elementor-widget elementor-widget-heading\" data-id=\"26777cd\" data-element_type=\"widget\" data-widget_type=\"heading.default\">\n\t\t\t\t<div class=\"elementor-widget-container\">\n\t\t\t<h2 class=\"elementor-heading-title elementor-size-default\">Documentaire<\/h2>\t\t<\/div>\n\t\t\t\t<\/div>\n\t\t\t\t<div class=\"elementor-element elementor-element-94ef5ac elementor-widget elementor-widget-video\" data-id=\"94ef5ac\" data-element_type=\"widget\" data-settings=\"{&quot;youtube_url&quot;:&quot;https:\\\/\\\/youtu.be\\\/gRIUIBJKy58?si=GkPKVdpGkXNd7Cgg&quot;,&quot;video_type&quot;:&quot;youtube&quot;,&quot;controls&quot;:&quot;yes&quot;}\" data-widget_type=\"video.default\">\n\t\t\t\t<div class=\"elementor-widget-container\">\n\t\t\t\t\t<div class=\"elementor-wrapper elementor-open-inline\">\n\t\t\t<div class=\"elementor-video\"><\/div>\t\t<\/div>\n\t\t\t\t<\/div>\n\t\t\t\t<\/div>\n\t\t\t\t<div class=\"elementor-element elementor-element-1c55ae0 elementor-widget elementor-widget-text-editor\" data-id=\"1c55ae0\" data-element_type=\"widget\" data-widget_type=\"text-editor.default\">\n\t\t\t\t<div class=\"elementor-widget-container\">\n\t\t\t\t\t\t\t<p>Documentaire cr\u00e9\u00e9 par Alicia Hilbot pour son \u00e9mission La bo\u00eete \u00e0 M&rsquo;alice, lors de l&rsquo;enregistrement de l&rsquo;album farafindia.<\/p>\t\t\t\t\t\t<\/div>\n\t\t\t\t<\/div>\n\t\t\t\t\t<\/div>\n\t\t<\/div>\n\t\t\t\t<div class=\"elementor-column elementor-col-50 elementor-top-column elementor-element elementor-element-5c07cdd\" data-id=\"5c07cdd\" data-element_type=\"column\" data-settings=\"{&quot;background_background&quot;:&quot;classic&quot;}\">\n\t\t\t<div class=\"elementor-widget-wrap elementor-element-populated\">\n\t\t\t\t\t\t<div class=\"elementor-element elementor-element-81f170d elementor-widget elementor-widget-heading\" data-id=\"81f170d\" data-element_type=\"widget\" data-widget_type=\"heading.default\">\n\t\t\t\t<div class=\"elementor-widget-container\">\n\t\t\t<h2 class=\"elementor-heading-title elementor-size-default\">Teaser vid\u00e9o<\/h2>\t\t<\/div>\n\t\t\t\t<\/div>\n\t\t\t\t<div class=\"elementor-element elementor-element-cec9ab4 elementor-widget elementor-widget-video\" data-id=\"cec9ab4\" data-element_type=\"widget\" data-settings=\"{&quot;youtube_url&quot;:&quot;https:\\\/\\\/www.youtube.com\\\/watch?v=Pn6wsaNJWPc&quot;,&quot;video_type&quot;:&quot;youtube&quot;,&quot;controls&quot;:&quot;yes&quot;}\" data-widget_type=\"video.default\">\n\t\t\t\t<div class=\"elementor-widget-container\">\n\t\t\t\t\t<div class=\"elementor-wrapper elementor-open-inline\">\n\t\t\t<div class=\"elementor-video\"><\/div>\t\t<\/div>\n\t\t\t\t<\/div>\n\t\t\t\t<\/div>\n\t\t\t\t<div class=\"elementor-element elementor-element-bcfdaa1 elementor-widget elementor-widget-text-editor\" data-id=\"bcfdaa1\" data-element_type=\"widget\" data-widget_type=\"text-editor.default\">\n\t\t\t\t<div class=\"elementor-widget-container\">\n\t\t\t\t\t\t\t<p><span style=\"font-family: var( --e-global-typography-secondary-font-family ), Sans-serif;\">Teaser vid\u00e9o r\u00e9alis\u00e9 au studio MicroClimat \u00e0 Epinal le 29 juillet 2024.<\/span><\/p><p>Prise de son et images: Dominique Marotel.<\/p><p>Mixage son: Jean Pascal Boffo.<\/p><p>Montage teaser: Emmanuel Simon.<\/p>\t\t\t\t\t\t<\/div>\n\t\t\t\t<\/div>\n\t\t\t\t\t<\/div>\n\t\t<\/div>\n\t\t\t\t\t<\/div>\n\t\t<\/section>\n\t\t<div class=\"elementor-element elementor-element-bbbdb45 e-flex e-con-boxed e-con e-parent\" data-id=\"bbbdb45\" data-element_type=\"container\" data-settings=\"{&quot;jet_parallax_layout_list&quot;:[]}\">\n\t\t\t\t\t<div class=\"e-con-inner\">\n\t\t\t\t<div class=\"elementor-element elementor-element-42b4bb4 elementor-widget elementor-widget-text-editor\" data-id=\"42b4bb4\" data-element_type=\"widget\" data-widget_type=\"text-editor.default\">\n\t\t\t\t<div class=\"elementor-widget-container\">\n\t\t\t\t\t\t\t<p>contact: ecrire@angatchalo.com \/ (+0033) 06.74.91.91.55<\/p>\t\t\t\t\t\t<\/div>\n\t\t\t\t<\/div>\n\t\t\t\t\t<\/div>\n\t\t\t\t<\/div>\n\t\t\t\t<\/div>\n\t\t","protected":false},"excerpt":{"rendered":"<p>Nomad&rsquo;s&nbsp;Land&nbsp; Music Angatchalo est un collectif d&rsquo;artistes tourn\u00e9 vers les musiques du monde et leurs m\u00e9tissages. Avec un plaisir gourmand et affin\u00e9 pour les \u00e9pices afro-indiennes&#8230; Angatchalo\u00a0vous propose une croisi\u00e8re musicale sur les eaux m\u00e9lang\u00e9es du Gange et du Niger, une assiette de maf\u00e9 dans une main et un verre de tcha\u00ef dans l&rsquo;autre. Face [&hellip;]<\/p>\n","protected":false},"author":1,"featured_media":0,"parent":0,"menu_order":0,"comment_status":"closed","ping_status":"closed","template":"full-width.php","meta":{"_acf_changed":false,"footnotes":""},"class_list":["post-27","page","type-page","status-publish","hentry"],"acf":[],"_links":{"self":[{"href":"https:\/\/www.angatchalo.com\/index.php\/wp-json\/wp\/v2\/pages\/27","targetHints":{"allow":["GET"]}}],"collection":[{"href":"https:\/\/www.angatchalo.com\/index.php\/wp-json\/wp\/v2\/pages"}],"about":[{"href":"https:\/\/www.angatchalo.com\/index.php\/wp-json\/wp\/v2\/types\/page"}],"author":[{"embeddable":true,"href":"https:\/\/www.angatchalo.com\/index.php\/wp-json\/wp\/v2\/users\/1"}],"replies":[{"embeddable":true,"href":"https:\/\/www.angatchalo.com\/index.php\/wp-json\/wp\/v2\/comments?post=27"}],"version-history":[{"count":112,"href":"https:\/\/www.angatchalo.com\/index.php\/wp-json\/wp\/v2\/pages\/27\/revisions"}],"predecessor-version":[{"id":971,"href":"https:\/\/www.angatchalo.com\/index.php\/wp-json\/wp\/v2\/pages\/27\/revisions\/971"}],"wp:attachment":[{"href":"https:\/\/www.angatchalo.com\/index.php\/wp-json\/wp\/v2\/media?parent=27"}],"curies":[{"name":"wp","href":"https:\/\/api.w.org\/{rel}","templated":true}]}}